{"id":1986,"date":"2022-11-18T10:27:07","date_gmt":"2022-11-18T10:27:07","guid":{"rendered":"https:\/\/www.sanawonder.com\/contacts\/"},"modified":"2025-03-22T16:48:55","modified_gmt":"2025-03-22T16:48:55","slug":"contacts","status":"publish","type":"page","link":"https:\/\/www.sanawonder.com\/en\/contacts\/","title":{"rendered":"Contact"},"content":{"rendered":"\t\t<div data-elementor-type=\"wp-page\" data-elementor-id=\"1986\" class=\"elementor elementor-1986 elementor-421\">\n\t\t\t\t\t\t<section class=\"elementor-section elementor-top-section elementor-element elementor-element-48004cc elementor-section-boxed elementor-section-height-default elementor-section-height-default\" data-id=\"48004cc\" data-element_type=\"section\">\n\t\t\t\t\t\t<div class=\"elementor-container elementor-column-gap-default\">\n\t\t\t\t\t<div class=\"elementor-column elementor-col-100 elementor-top-column elementor-element elementor-element-e535c05\" data-id=\"e535c05\" data-element_type=\"column\">\n\t\t\t<div class=\"elementor-widget-wrap elementor-element-populated\">\n\t\t\t\t\t\t<div class=\"elementor-section elementor-inner-section elementor-element elementor-element-108e437 elementor-section-boxed elementor-section-height-default elementor-section-height-default\" data-id=\"108e437\" data-element_type=\"section\">\n\t\t\t\t\t\t<div class=\"elementor-container elementor-column-gap-default\">\n\t\t\t\t\t<div class=\"elementor-column elementor-col-50 elementor-inner-column elementor-element elementor-element-6a07773\" data-id=\"6a07773\" data-element_type=\"column\">\n\t\t\t<div class=\"elementor-widget-wrap elementor-element-populated\">\n\t\t\t\t\t\t<div class=\"elementor-element elementor-element-60e5f14 elementor-widget elementor-widget-florya-contact\" data-id=\"60e5f14\" data-element_type=\"widget\" data-widget_type=\"florya-contact.default\">\n\t\t\t\t<div class=\"elementor-widget-container\">\n\t\t\t\t\t        \n\t\t<div class=\"sec-contact-info contact\">\n\t\t\t\t\t\t<h3>Let\u00b4s Celebrate<\/h3>\n\t\t\t\t\t    \n\t\t\t\t\t\t\n\t\t\t\t\t\t\t\t\t                        <div class=\"contact-info mb-30\">\t\n \t\t\t\t\t\t    <div class=\"icon\">\n\t\t\t\t\t\t\t\t\t\n\t\t\t\t\t\t\t\t\t<span class=\"ti-headphone-alt\"><\/span>\n\t\t\t\t\t\t\t\t\t\t\t\t\t\t\t\t\n\t\t\t\t\t\t\t<\/div>\n\t\t\t\t\t\t\t<div class=\"text\">\n\t\t\t\t\t\t        <p>Telefone<\/p> <a href=\"tel:+351 939 760 083\">+351 939 760 083<\/a>\n\t\t\t\t\t\t   <\/div>\n\t\t\t\t\t\t<\/div>\n\t\t\t\t\t\t \n\n\t\t\t\t\t\t\t\t\t\t\n                        <div class=\"contact-info mb-30\">\t\n \t\t\t\t\t\t    <div class=\"icon\">\n\t\t\t\t\t\t\t\t\t\n\t\t\t\t\t\t\t\t\t<span class=\"ti-envelope\"><\/span>\n\t\t\t\t\t\t\t\t\t\t\t\t\t\t\t\t\n\t\t\t\t\t\t\t<\/div>\n\t\t\t\t\t\t\t<div class=\"text\">\n\t\t\t\t\t\t        <p>Email <\/p> <a href=\"mailto:andreia.gomes@sanawonder.com\">andreia.gomes@sanawonder.com<\/a>\n\t\t\t\t\t\t   <\/div>\n\t\t\t\t\t\t<\/div>\n\t\t\t\t\t\t \n\n\t\t\t\t\t\t\t\t\t                        <div class=\"contact-info mb-30\">\t\n \t\t\t\t\t\t    <div class=\"icon\">\n\t\t\t\t\t\t\t\t\t\n\t\t\t\t\t\t\t\t\t<span class=\"ti-location-pin\"><\/span>\n\t\t\t\t\t\t\t\t\t\t\t\t\t\t\t\t\n\t\t\t\t\t\t\t<\/div>\n\t\t\t\t\t\t\t<div class=\"text\">\n\t\t\t\t\t\t        <p>Localiza\u00e7\u00e3o<\/p> <a href=\"\" target=\"_self\">Cais das Naus, Lote 2.21.01  1990-173 <br> Lisboa, Parque das Na\u00e7\u00f5es<\/a>\n\t\t\t\t\t\t   <\/div>\n\t\t\t\t\t\t<\/div>\t\t\t\t\t\t\t\t\t\t\t\n\t\t\t\t\t\t \n\n\t\t\t\t\t\t\t\t\n        <\/div>\n\t\t\n        \t\t\t\t<\/div>\n\t\t\t\t<\/div>\n\t\t\t\t\t<\/div>\n\t\t<\/div>\n\t\t\t\t<div class=\"elementor-column elementor-col-50 elementor-inner-column elementor-element elementor-element-4b230cf\" data-id=\"4b230cf\" data-element_type=\"column\">\n\t\t\t<div class=\"elementor-widget-wrap elementor-element-populated\">\n\t\t\t\t\t\t<div class=\"elementor-element elementor-element-aae5daa elementor-widget elementor-widget-florya-image\" data-id=\"aae5daa\" data-element_type=\"widget\" data-widget_type=\"florya-image.default\">\n\t\t\t\t<div class=\"elementor-widget-container\">\n\t\t\t\t\t\t\t\n\t\t\t\t\n\n\t\t\t<div class=\"sec-image about2\">\n\t\t\t\t<div class=\"img-exp\">\n\t\t\t\t\t<div class=\"about-img\">\n\t\t\t\t\t\t\t\t\t\t\t\n\t\t\t\t\t\t<div class=\"img\"> <img decoding=\"async\" src=\"https:\/\/sanawonder.com\/wp-content\/uploads\/2024\/12\/andreia-gomes-1.jpg\" class=\"img-fluid\" alt=\"\"> <\/div>\n\t\t\t\t\t\t\t\n\t\t\t\t\t<\/div>\n\t\t\t\t\t\t\t\t\t\t<div id=\"circle\">\n\t\t\t\t\t\t<svg version=\"1.1\" xmlns=\"http:\/\/www.w3.org\/2000\/svg\" xmlns:xlink=\"http:\/\/www.w3.org\/1999\/xlink\" x=\"0px\" y=\"0px\" width=\"300px\" height=\"300px\" viewBox=\"0 0 300 300\" enable-background=\"new 0 0 300 300\" xml:space=\"preserve\">\n\t\t\t\t\t\t\t<defs>\n\t\t\t\t\t\t\t\t<path id=\"circlePath\" d=\" M 150, 150 m -60, 0 a 60,60 0 0,1 120,0 a 60,60 0 0,1 -120,0 \" \/>\n\t\t\t\t\t\t\t<\/defs>\n\t\t\t\t\t\t\t<circle cx=\"150\" cy=\"100\" r=\"75\" fill=\"none\" \/>\n\t\t\t\t\t\t\t<g>\n\t\t\t\t\t\t\t\t<use xlink:href=\"#circlePath\" fill=\"none\" \/>\n\t\t\t\t\t\t\t\t<text fill=\"#575c57\">\n\t\t\t\t\t\t\t\t\t<textPath xlink:href=\"#circlePath\"> . Andreia Gomes - Dir Wonder   <\/textPath>\n\t\t\t\t\t\t\t\t<\/text>\n\t\t\t\t\t\t\t<\/g>\n\t\t\t\t\t\t<\/svg>\n\t\t\t\t\t<\/div>\n\t\t\t\t\t\t\t\t\t<\/div>\t\t\n\t\t\t<\/div>\t\t\n\n\t    \t\t\t\n\t\t\n\t\t\t\n        \t\t\t\t<\/div>\n\t\t\t\t<\/div>\n\t\t\t\t\t<\/div>\n\t\t<\/div>\n\t\t\t\t\t<\/div>\n\t\t<\/div>\n\t\t\t\t\t<\/div>\n\t\t<\/div>\n\t\t\t\t\t<\/div>\n\t\t<\/section>\n\t\t\t\t<section class=\"elementor-section elementor-top-section elementor-element elementor-element-83bbfa3 elementor-section-boxed elementor-section-height-default elementor-section-height-default\" data-id=\"83bbfa3\" data-element_type=\"section\">\n\t\t\t\t\t\t<div class=\"elementor-container elementor-column-gap-default\">\n\t\t\t\t\t<div class=\"elementor-column elementor-col-100 elementor-top-column elementor-element elementor-element-7de6dc9\" data-id=\"7de6dc9\" data-element_type=\"column\">\n\t\t\t<div class=\"elementor-widget-wrap elementor-element-populated\">\n\t\t\t\t\t\t<div class=\"elementor-element elementor-element-ef6b430 elementor-widget__width-auto elementor-widget elementor-widget-florya-button\" data-id=\"ef6b430\" data-element_type=\"widget\" data-widget_type=\"florya-button.default\">\n\t\t\t\t<div class=\"elementor-widget-container\">\n\t\t\t\t\t\n\t\t<div class=\"float-left\">\t\t\n\t\t\t<a class=\"sec-button butn-dark \" href=\"https:\/\/www.sanawonder.com\/en\/social-events-form\/\" target=\"_self\" rel=\"noopener noreferrer\">\n\t\t\t\t\t\t\t\t<span>Request a Social Event<\/span>\n\t\t\t\t\t\t\t\t\t\n\t\t\t<\/a>\t\n\t\t<\/div>\t\t\n\n        \t\t\t\t<\/div>\n\t\t\t\t<\/div>\n\t\t\t\t<div class=\"elementor-element elementor-element-833e64e elementor-widget__width-auto elementor-widget elementor-widget-florya-button\" data-id=\"833e64e\" data-element_type=\"widget\" data-widget_type=\"florya-button.default\">\n\t\t\t\t<div class=\"elementor-widget-container\">\n\t\t\t\t\t\n\t\t<div class=\"float-left\">\t\t\n\t\t\t<a class=\"sec-button butn-light \" href=\"https:\/\/www.sanawonder.com\/en\/corporate-events-form\/\" target=\"_self\" rel=\"noopener noreferrer\">\n\t\t\t\t\t\t\t\t<span>Request a Corporate Event<\/span>\n\t\t\t\t\t\t\t\t\t\n\t\t\t<\/a>\t\n\t\t<\/div>\t\t\n\n        \t\t\t\t<\/div>\n\t\t\t\t<\/div>\n\t\t\t\t\t<\/div>\n\t\t<\/div>\n\t\t\t\t\t<\/div>\n\t\t<\/section>\n\t\t\t\t<section class=\"elementor-section elementor-top-section elementor-element elementor-element-54eec25 elementor-hidden-desktop elementor-hidden-tablet elementor-hidden-mobile elementor-section-boxed elementor-section-height-default elementor-section-height-default\" data-id=\"54eec25\" data-element_type=\"section\">\n\t\t\t\t\t\t<div class=\"elementor-container elementor-column-gap-default\">\n\t\t\t\t\t<div class=\"elementor-column elementor-col-33 elementor-top-column elementor-element elementor-element-5c97f60\" data-id=\"5c97f60\" data-element_type=\"column\">\n\t\t\t<div class=\"elementor-widget-wrap\">\n\t\t\t\t\t\t\t<\/div>\n\t\t<\/div>\n\t\t\t\t<div class=\"elementor-column elementor-col-33 elementor-top-column elementor-element elementor-element-eda3a1c\" data-id=\"eda3a1c\" data-element_type=\"column\">\n\t\t\t<div class=\"elementor-widget-wrap elementor-element-populated\">\n\t\t\t\t\t\t<div class=\"elementor-element elementor-element-9feff25 elementor-widget elementor-widget-florya-title\" data-id=\"9feff25\" data-element_type=\"widget\" data-widget_type=\"florya-title.default\">\n\t\t\t\t<div class=\"elementor-widget-container\">\n\t\t\t\t\t\t\t\n\t\t\t\n\t\t\t<h6 class=\"section-subtitle black text-center\">celebrate with SANA<\/h6>\t\t\t\t\n\t\t\t<h4 class=\"section-title black text-center\">Pedido de Contacto<\/h4>\t\t\t\t\n\t\t\t\t\n        \n\t\t\t\n        \t\t\t\t<\/div>\n\t\t\t\t<\/div>\n\t\t\t\t<div class=\"elementor-element elementor-element-a7c49da elementor-widget elementor-widget-florya-form\" data-id=\"a7c49da\" data-element_type=\"widget\" data-widget_type=\"florya-form.default\">\n\t\t\t\t<div class=\"elementor-widget-container\">\n\t\t\t\t\t\t\t<div class=\"sec-contact-form contact\">\n\t\t\t            \t\t\t\n\t\t\t<div class=\"vc_template contact__form\">\n\t\t\t   \n<div class=\"wpcf7 no-js\" id=\"wpcf7-f2010-o1\" lang=\"en-US\" dir=\"ltr\" data-wpcf7-id=\"2010\">\n<div class=\"screen-reader-response\"><p role=\"status\" aria-live=\"polite\" aria-atomic=\"true\"><\/p> <ul><\/ul><\/div>\n<form action=\"\/en\/wp-json\/wp\/v2\/pages\/1986#wpcf7-f2010-o1\" method=\"post\" class=\"wpcf7-form init\" aria-label=\"Contact form\" novalidate=\"novalidate\" data-status=\"init\">\n<div style=\"display: none;\">\n<input type=\"hidden\" name=\"_wpcf7\" value=\"2010\" \/>\n<input type=\"hidden\" name=\"_wpcf7_version\" value=\"6.0.3\" \/>\n<input type=\"hidden\" name=\"_wpcf7_locale\" value=\"en_US\" \/>\n<input type=\"hidden\" name=\"_wpcf7_unit_tag\" value=\"wpcf7-f2010-o1\" \/>\n<input type=\"hidden\" name=\"_wpcf7_container_post\" value=\"0\" \/>\n<input type=\"hidden\" name=\"_wpcf7_posted_data_hash\" value=\"\" \/>\n<input type=\"hidden\" name=\"_wpcf7_recaptcha_response\" value=\"\" \/>\n<\/div>\n<div class=\"row\">\n\t<div class=\"col-md-6\">\n\t\t<p><span class=\"wpcf7-form-control-wrap\" data-name=\"your-name\"><input size=\"40\" maxlength=\"400\" class=\"wpcf7-form-control wpcf7-text wpcf7-validates-as-required\" aria-required=\"true\" aria-invalid=\"false\" placeholder=\"First Name\" value=\"\" type=\"text\" name=\"your-name\" \/><\/span>\n\t\t<\/p>\n\t<\/div>\n\t<div class=\"col-md-6\">\n\t\t<p><span class=\"wpcf7-form-control-wrap\" data-name=\"your-last-name\"><input size=\"40\" maxlength=\"400\" class=\"wpcf7-form-control wpcf7-text wpcf7-validates-as-required\" aria-required=\"true\" aria-invalid=\"false\" placeholder=\"Last Name\" value=\"\" type=\"text\" name=\"your-last-name\" \/><\/span>\n\t\t<\/p>\n\t<\/div>\n\t<div class=\"col-md-6\">\n\t\t<p><span class=\"wpcf7-form-control-wrap\" data-name=\"your-email\"><input size=\"40\" maxlength=\"400\" class=\"wpcf7-form-control wpcf7-email wpcf7-validates-as-required wpcf7-text wpcf7-validates-as-email\" aria-required=\"true\" aria-invalid=\"false\" placeholder=\"Email\" value=\"\" type=\"email\" name=\"your-email\" \/><\/span>\n\t\t<\/p>\n\t<\/div>\n\t<div class=\"col-md-6\">\n\t\t<p><span class=\"wpcf7-form-control-wrap\" data-name=\"your-telefone\"><input size=\"40\" maxlength=\"400\" class=\"wpcf7-form-control wpcf7-text wpcf7-validates-as-required\" aria-required=\"true\" aria-invalid=\"false\" placeholder=\"Telephone\" value=\"\" type=\"text\" name=\"your-telefone\" \/><\/span>\n\t\t<\/p>\n\t<\/div>\n\t<div class=\"col-md-6\">\n\t\t<p><label> Event Date<\/label><br \/>\n<span class=\"wpcf7-form-control-wrap\" data-name=\"date-722\"><input class=\"wpcf7-form-control wpcf7-date wpcf7-validates-as-required wpcf7-validates-as-date\" aria-required=\"true\" aria-invalid=\"false\" value=\"\" type=\"date\" name=\"date-722\" \/><\/span>\n\t\t<\/p>\n\t<\/div>\n\t<div class=\"col-md-6\">\n\t\t<p><label> Number of people <\/label><br \/>\n<span class=\"wpcf7-form-control-wrap\" data-name=\"npessoas\"><input size=\"40\" maxlength=\"6\" class=\"wpcf7-form-control wpcf7-text wpcf7-validates-as-required\" aria-required=\"true\" aria-invalid=\"false\" value=\"\" type=\"text\" name=\"npessoas\" \/><\/span>\n\t\t<\/p>\n\t<\/div>\n\t<div class=\"col-md-6\">\n\t\t<p><label> City <\/label><br \/>\n<span class=\"wpcf7-form-control-wrap\" data-name=\"select-663\"><select class=\"wpcf7-form-control wpcf7-select wpcf7-validates-as-required\" aria-required=\"true\" aria-invalid=\"false\" name=\"select-663\"><option value=\"Choose an option\">Choose an option<\/option><option value=\"Algarve, Portugal\">Algarve, Portugal<\/option><option value=\"Cascais-Estoril, Portugal\">Cascais-Estoril, Portugal<\/option><option value=\"Caldas da Rainha, Portugal\">Caldas da Rainha, Portugal<\/option><option value=\"Lisbon, Portugal\">Lisbon, Portugal<\/option><option value=\"Sesimbra, Portugal\">Sesimbra, Portugal<\/option><\/select><\/span>\n\t\t<\/p>\n\t<\/div>\n\t<div class=\"col-md-6\">\n\t\t<p><label> Event Type <\/label><br \/>\n<span class=\"wpcf7-form-control-wrap\" data-name=\"select-665\"><select class=\"wpcf7-form-control wpcf7-select wpcf7-validates-as-required\" aria-required=\"true\" aria-invalid=\"false\" name=\"select-665\"><option value=\"Birthdays\">Birthdays<\/option><option value=\"Weddings\">Weddings<\/option><option value=\"Engagements\">Engagements<\/option><option value=\"Dinners\/Group Lunches\">Dinners\/Group Lunches<\/option><option value=\"Family Celebrations\">Family Celebrations<\/option><option value=\"Religious Events\">Religious Events<\/option><option value=\"Congresses\">Congresses<\/option><option value=\"Corporate Parties and Celebrations\">Corporate Parties and Celebrations<\/option><option value=\"Team Buildings\">Team Buildings<\/option><option value=\"Workshops\">Workshops<\/option><option value=\"Other\">Other<\/option><\/select><\/span>\n\t\t<\/p>\n\t<\/div>\n\t<div class=\"col-md-12\">\n\t\t<p><span class=\"wpcf7-form-control-wrap\" data-name=\"your-message\"><textarea cols=\"40\" rows=\"10\" maxlength=\"2000\" class=\"wpcf7-form-control wpcf7-textarea\" aria-invalid=\"false\" placeholder=\"Type your message\" name=\"your-message\"><\/textarea><\/span>\n\t\t<\/p>\n\t<\/div>\n\t<div class=\"col-md-12\">\n\t\t<p><div class=\"wpcf7-form-control has-spinner wpcf7-submit\"><button class=\"butn-dark\"><a ><span>Send<\/span><\/a><\/button><\/div>\n\t\t<\/p>\n\t<\/div>\n<\/div><div class=\"wpcf7-response-output\" aria-hidden=\"true\"><\/div>\n<\/form>\n<\/div>\n\t\t\t<\/div>\t\n\t\t<\/div>\t\n\t\t\n        \t\t\t\t<\/div>\n\t\t\t\t<\/div>\n\t\t\t\t\t<\/div>\n\t\t<\/div>\n\t\t\t\t<div class=\"elementor-column elementor-col-33 elementor-top-column elementor-element elementor-element-5a9dd8c\" data-id=\"5a9dd8c\" data-element_type=\"column\">\n\t\t\t<div class=\"elementor-widget-wrap\">\n\t\t\t\t\t\t\t<\/div>\n\t\t<\/div>\n\t\t\t\t\t<\/div>\n\t\t<\/section>\n\t\t\t\t<\/div>\n\t\t","protected":false},"excerpt":{"rendered":"<p>Let\u00b4s Celebrate Telefone +351 939 760 083 Email andreia.gomes@sanawonder.com Localiza\u00e7\u00e3o Cais das Naus, Lote 2.21.01 1990-173 Lisboa, Parque das Na\u00e7\u00f5es . Andreia Gomes &#8211; Dir Wonder Request a Social Event Request a Corporate Event celebrate with SANA Pedido de Contacto Data do Evento N\u00famero de pessoas Cidade Selecione uma op\u00e7\u00e3oAlgarve, PortugalCascais-Estoril, PortugalCaldas da Rainha, PortugalLisboa, PortugalSesimbra, Portugal Tipo de Evento<\/p>\n","protected":false},"author":1,"featured_media":0,"parent":0,"menu_order":0,"comment_status":"closed","ping_status":"closed","template":"","meta":{"footnotes":""},"class_list":["post-1986","page","type-page","status-publish","hentry"],"yoast_head":"<!-- This site is optimized with the Yoast SEO plugin v24.3 - https:\/\/yoast.com\/wordpress\/plugins\/seo\/ -->\n<title>Contact - SANA Wonder<\/title>\n<meta name=\"description\" content=\"Contact SANA Wonder - Venues for events in Lisbon, Cascais, Sesimbra, Caldas da Rainha and the Algarve. Get to know our venues.\" \/>\n<meta name=\"robots\" content=\"index, follow, max-snippet:-1, max-image-preview:large, max-video-preview:-1\" \/>\n<link rel=\"canonical\" href=\"https:\/\/www.sanawonder.com\/en\/contacts\/\" \/>\n<meta property=\"og:locale\" content=\"en_US\" \/>\n<meta property=\"og:type\" content=\"article\" \/>\n<meta property=\"og:title\" content=\"Contact - SANA Wonder\" \/>\n<meta property=\"og:description\" content=\"Contact SANA Wonder - Venues for events in Lisbon, Cascais, Sesimbra, Caldas da Rainha and the Algarve. Get to know our venues.\" \/>\n<meta property=\"og:url\" content=\"https:\/\/www.sanawonder.com\/en\/contacts\/\" \/>\n<meta property=\"og:site_name\" content=\"SANA Wonder\" \/>\n<meta property=\"article:modified_time\" content=\"2025-03-22T16:48:55+00:00\" \/>\n<meta property=\"og:image\" content=\"https:\/\/sanawonder.com\/wp-content\/uploads\/2024\/12\/andreia-gomes-1.jpg\" \/>\n<meta name=\"twitter:card\" content=\"summary_large_image\" \/>\n<meta name=\"twitter:label1\" content=\"Est. reading time\" \/>\n\t<meta name=\"twitter:data1\" content=\"1 minute\" \/>\n<script type=\"application\/ld+json\" class=\"yoast-schema-graph\">{\"@context\":\"https:\/\/schema.org\",\"@graph\":[{\"@type\":\"WebPage\",\"@id\":\"https:\/\/www.sanawonder.com\/en\/contacts\/\",\"url\":\"https:\/\/www.sanawonder.com\/en\/contacts\/\",\"name\":\"Contact - SANA Wonder\",\"isPartOf\":{\"@id\":\"https:\/\/www.sanawonder.com\/en\/#website\"},\"primaryImageOfPage\":{\"@id\":\"https:\/\/www.sanawonder.com\/en\/contacts\/#primaryimage\"},\"image\":{\"@id\":\"https:\/\/www.sanawonder.com\/en\/contacts\/#primaryimage\"},\"thumbnailUrl\":\"https:\/\/sanawonder.com\/wp-content\/uploads\/2024\/12\/andreia-gomes-1.jpg\",\"datePublished\":\"2022-11-18T10:27:07+00:00\",\"dateModified\":\"2025-03-22T16:48:55+00:00\",\"description\":\"Contact SANA Wonder - Venues for events in Lisbon, Cascais, Sesimbra, Caldas da Rainha and the Algarve. Get to know our venues.\",\"breadcrumb\":{\"@id\":\"https:\/\/www.sanawonder.com\/en\/contacts\/#breadcrumb\"},\"inLanguage\":\"en-US\",\"potentialAction\":[{\"@type\":\"ReadAction\",\"target\":[\"https:\/\/www.sanawonder.com\/en\/contacts\/\"]}]},{\"@type\":\"ImageObject\",\"inLanguage\":\"en-US\",\"@id\":\"https:\/\/www.sanawonder.com\/en\/contacts\/#primaryimage\",\"url\":\"https:\/\/sanawonder.com\/wp-content\/uploads\/2024\/12\/andreia-gomes-1.jpg\",\"contentUrl\":\"https:\/\/sanawonder.com\/wp-content\/uploads\/2024\/12\/andreia-gomes-1.jpg\"},{\"@type\":\"BreadcrumbList\",\"@id\":\"https:\/\/www.sanawonder.com\/en\/contacts\/#breadcrumb\",\"itemListElement\":[{\"@type\":\"ListItem\",\"position\":1,\"name\":\"Home\",\"item\":\"https:\/\/www.sanawonder.com\/en\/\"},{\"@type\":\"ListItem\",\"position\":2,\"name\":\"Contact\"}]},{\"@type\":\"WebSite\",\"@id\":\"https:\/\/www.sanawonder.com\/en\/#website\",\"url\":\"https:\/\/www.sanawonder.com\/en\/\",\"name\":\"SANA WONDER\",\"description\":\"\",\"publisher\":{\"@id\":\"https:\/\/www.sanawonder.com\/en\/#organization\"},\"potentialAction\":[{\"@type\":\"SearchAction\",\"target\":{\"@type\":\"EntryPoint\",\"urlTemplate\":\"https:\/\/www.sanawonder.com\/en\/?s={search_term_string}\"},\"query-input\":{\"@type\":\"PropertyValueSpecification\",\"valueRequired\":true,\"valueName\":\"search_term_string\"}}],\"inLanguage\":\"en-US\"},{\"@type\":\"Organization\",\"@id\":\"https:\/\/www.sanawonder.com\/en\/#organization\",\"name\":\"SANA WONDER\",\"url\":\"https:\/\/www.sanawonder.com\/en\/\",\"logo\":{\"@type\":\"ImageObject\",\"inLanguage\":\"en-US\",\"@id\":\"https:\/\/www.sanawonder.com\/en\/#\/schema\/logo\/image\/\",\"url\":\"https:\/\/www.sanawonder.com\/wp-content\/uploads\/2025\/01\/Logo-SANAWONDER_cor.svg\",\"contentUrl\":\"https:\/\/www.sanawonder.com\/wp-content\/uploads\/2025\/01\/Logo-SANAWONDER_cor.svg\",\"width\":1,\"height\":1,\"caption\":\"SANA WONDER\"},\"image\":{\"@id\":\"https:\/\/www.sanawonder.com\/en\/#\/schema\/logo\/image\/\"}}]}<\/script>\n<!-- \/ Yoast SEO plugin. -->","yoast_head_json":{"title":"Contact - SANA Wonder","description":"Contact SANA Wonder - Venues for events in Lisbon, Cascais, Sesimbra, Caldas da Rainha and the Algarve. Get to know our venues.","robots":{"index":"index","follow":"follow","max-snippet":"max-snippet:-1","max-image-preview":"max-image-preview:large","max-video-preview":"max-video-preview:-1"},"canonical":"https:\/\/www.sanawonder.com\/en\/contacts\/","og_locale":"en_US","og_type":"article","og_title":"Contact - SANA Wonder","og_description":"Contact SANA Wonder - Venues for events in Lisbon, Cascais, Sesimbra, Caldas da Rainha and the Algarve. Get to know our venues.","og_url":"https:\/\/www.sanawonder.com\/en\/contacts\/","og_site_name":"SANA Wonder","article_modified_time":"2025-03-22T16:48:55+00:00","og_image":[{"url":"https:\/\/sanawonder.com\/wp-content\/uploads\/2024\/12\/andreia-gomes-1.jpg","type":"","width":"","height":""}],"twitter_card":"summary_large_image","twitter_misc":{"Est. reading time":"1 minute"},"schema":{"@context":"https:\/\/schema.org","@graph":[{"@type":"WebPage","@id":"https:\/\/www.sanawonder.com\/en\/contacts\/","url":"https:\/\/www.sanawonder.com\/en\/contacts\/","name":"Contact - SANA Wonder","isPartOf":{"@id":"https:\/\/www.sanawonder.com\/en\/#website"},"primaryImageOfPage":{"@id":"https:\/\/www.sanawonder.com\/en\/contacts\/#primaryimage"},"image":{"@id":"https:\/\/www.sanawonder.com\/en\/contacts\/#primaryimage"},"thumbnailUrl":"https:\/\/sanawonder.com\/wp-content\/uploads\/2024\/12\/andreia-gomes-1.jpg","datePublished":"2022-11-18T10:27:07+00:00","dateModified":"2025-03-22T16:48:55+00:00","description":"Contact SANA Wonder - Venues for events in Lisbon, Cascais, Sesimbra, Caldas da Rainha and the Algarve. Get to know our venues.","breadcrumb":{"@id":"https:\/\/www.sanawonder.com\/en\/contacts\/#breadcrumb"},"inLanguage":"en-US","potentialAction":[{"@type":"ReadAction","target":["https:\/\/www.sanawonder.com\/en\/contacts\/"]}]},{"@type":"ImageObject","inLanguage":"en-US","@id":"https:\/\/www.sanawonder.com\/en\/contacts\/#primaryimage","url":"https:\/\/sanawonder.com\/wp-content\/uploads\/2024\/12\/andreia-gomes-1.jpg","contentUrl":"https:\/\/sanawonder.com\/wp-content\/uploads\/2024\/12\/andreia-gomes-1.jpg"},{"@type":"BreadcrumbList","@id":"https:\/\/www.sanawonder.com\/en\/contacts\/#breadcrumb","itemListElement":[{"@type":"ListItem","position":1,"name":"Home","item":"https:\/\/www.sanawonder.com\/en\/"},{"@type":"ListItem","position":2,"name":"Contact"}]},{"@type":"WebSite","@id":"https:\/\/www.sanawonder.com\/en\/#website","url":"https:\/\/www.sanawonder.com\/en\/","name":"SANA WONDER","description":"","publisher":{"@id":"https:\/\/www.sanawonder.com\/en\/#organization"},"potentialAction":[{"@type":"SearchAction","target":{"@type":"EntryPoint","urlTemplate":"https:\/\/www.sanawonder.com\/en\/?s={search_term_string}"},"query-input":{"@type":"PropertyValueSpecification","valueRequired":true,"valueName":"search_term_string"}}],"inLanguage":"en-US"},{"@type":"Organization","@id":"https:\/\/www.sanawonder.com\/en\/#organization","name":"SANA WONDER","url":"https:\/\/www.sanawonder.com\/en\/","logo":{"@type":"ImageObject","inLanguage":"en-US","@id":"https:\/\/www.sanawonder.com\/en\/#\/schema\/logo\/image\/","url":"https:\/\/www.sanawonder.com\/wp-content\/uploads\/2025\/01\/Logo-SANAWONDER_cor.svg","contentUrl":"https:\/\/www.sanawonder.com\/wp-content\/uploads\/2025\/01\/Logo-SANAWONDER_cor.svg","width":1,"height":1,"caption":"SANA WONDER"},"image":{"@id":"https:\/\/www.sanawonder.com\/en\/#\/schema\/logo\/image\/"}}]}},"_links":{"self":[{"href":"https:\/\/www.sanawonder.com\/en\/wp-json\/wp\/v2\/pages\/1986","targetHints":{"allow":["GET"]}}],"collection":[{"href":"https:\/\/www.sanawonder.com\/en\/wp-json\/wp\/v2\/pages"}],"about":[{"href":"https:\/\/www.sanawonder.com\/en\/wp-json\/wp\/v2\/types\/page"}],"author":[{"embeddable":true,"href":"https:\/\/www.sanawonder.com\/en\/wp-json\/wp\/v2\/users\/1"}],"replies":[{"embeddable":true,"href":"https:\/\/www.sanawonder.com\/en\/wp-json\/wp\/v2\/comments?post=1986"}],"version-history":[{"count":19,"href":"https:\/\/www.sanawonder.com\/en\/wp-json\/wp\/v2\/pages\/1986\/revisions"}],"predecessor-version":[{"id":2662,"href":"https:\/\/www.sanawonder.com\/en\/wp-json\/wp\/v2\/pages\/1986\/revisions\/2662"}],"wp:attachment":[{"href":"https:\/\/www.sanawonder.com\/en\/wp-json\/wp\/v2\/media?parent=1986"}],"curies":[{"name":"wp","href":"https:\/\/api.w.org\/{rel}","templated":true}]}}